{"id":3770,"date":"2025-04-08T12:17:15","date_gmt":"2025-04-08T10:17:15","guid":{"rendered":"https:\/\/realcup.org\/saopaulo2025\/?page_id=3770"},"modified":"2025-09-02T12:33:17","modified_gmt":"2025-09-02T10:33:17","slug":"logistica","status":"publish","type":"page","link":"https:\/\/realcup.org\/saopaulo2025\/logistica\/","title":{"rendered":"Log\u00edstica"},"content":{"rendered":"\t\t<div data-elementor-type=\"wp-page\" data-elementor-id=\"3770\" class=\"elementor elementor-3770\" data-elementor-post-type=\"page\">\n\t\t\t\t<div class=\"elementor-element elementor-element-754825d e-con-full e-flex e-con e-parent\" data-id=\"754825d\" data-element_type=\"container\" data-settings=\"{&quot;background_background&quot;:&quot;slideshow&quot;,&quot;background_slideshow_gallery&quot;:[],&quot;background_slideshow_loop&quot;:&quot;yes&quot;,&quot;background_slideshow_slide_duration&quot;:5000,&quot;background_slideshow_slide_transition&quot;:&quot;fade&quot;,&quot;background_slideshow_transition_duration&quot;:500}\">\n\t\t\t\t<div class=\"elementor-element elementor-element-53b0e62 elementor-widget elementor-widget-image\" data-id=\"53b0e62\" data-element_type=\"widget\" data-widget_type=\"image.default\">\n\t\t\t\t\t\t\t\t\t\t\t\t\t\t\t<img fetchpriority=\"high\" decoding=\"async\" width=\"1920\" height=\"1080\" src=\"https:\/\/realcup.org\/saopaulo2025\/wp-content\/uploads\/2025\/04\/Home-Sao-Paulo-7.jpg\" class=\"attachment-full size-full wp-image-3434\" alt=\"\" srcset=\"https:\/\/realcup.org\/saopaulo2025\/wp-content\/uploads\/2025\/04\/Home-Sao-Paulo-7.jpg 1920w, https:\/\/realcup.org\/saopaulo2025\/wp-content\/uploads\/2025\/04\/Home-Sao-Paulo-7-300x169.jpg 300w, https:\/\/realcup.org\/saopaulo2025\/wp-content\/uploads\/2025\/04\/Home-Sao-Paulo-7-1024x576.jpg 1024w, https:\/\/realcup.org\/saopaulo2025\/wp-content\/uploads\/2025\/04\/Home-Sao-Paulo-7-768x432.jpg 768w, https:\/\/realcup.org\/saopaulo2025\/wp-content\/uploads\/2025\/04\/Home-Sao-Paulo-7-1536x864.jpg 1536w\" sizes=\"(max-width: 1920px) 100vw, 1920px\" \/>\t\t\t\t\t\t\t\t\t\t\t\t\t\t\t<\/div>\n\t\t\t\t<\/div>\n\t\t<div class=\"elementor-element elementor-element-91b7d3a e-flex e-con-boxed e-con e-parent\" data-id=\"91b7d3a\" data-element_type=\"container\" data-settings=\"{&quot;background_background&quot;:&quot;classic&quot;,&quot;background_motion_fx_motion_fx_mouse&quot;:&quot;yes&quot;}\">\n\t\t\t\t\t<div class=\"e-con-inner\">\n\t\t<div class=\"elementor-element elementor-element-ecc8d3f e-con-full e-flex e-con e-child\" data-id=\"ecc8d3f\" data-element_type=\"container\" data-settings=\"{&quot;background_background&quot;:&quot;classic&quot;}\">\n\t\t<div class=\"elementor-element elementor-element-abf3601 e-con-full e-flex elementor-invisible e-con e-child\" data-id=\"abf3601\" data-element_type=\"container\" data-settings=\"{&quot;animation&quot;:&quot;fadeInLeft&quot;,&quot;animation_delay&quot;:100}\">\n\t\t\t\t<div class=\"elementor-element elementor-element-bab3b8a elementor-widget elementor-widget-heading\" data-id=\"bab3b8a\" data-element_type=\"widget\" data-widget_type=\"heading.default\">\n\t\t\t\t\t<h2 class=\"elementor-heading-title elementor-size-default\">Informaci\u00f3n <br>para su visita a<\/h2>\t\t\t\t<\/div>\n\t\t\t\t<div class=\"elementor-element elementor-element-4ae1ca4 elementor-widget elementor-widget-heading\" data-id=\"4ae1ca4\" data-element_type=\"widget\" data-widget_type=\"heading.default\">\n\t\t\t\t\t<h2 class=\"elementor-heading-title elementor-size-default\">S\u00e3o Paulo<\/h2>\t\t\t\t<\/div>\n\t\t\t\t<\/div>\n\t\t\t\t<\/div>\n\t\t<div class=\"elementor-element elementor-element-0ac6db0 e-con-full e-flex e-con e-child\" data-id=\"0ac6db0\" data-element_type=\"container\">\n\t\t\t\t<\/div>\n\t\t\t\t\t<\/div>\n\t\t\t\t<\/div>\n\t\t<div class=\"elementor-element elementor-element-4e664a7 e-flex e-con-boxed e-con e-parent\" data-id=\"4e664a7\" data-element_type=\"container\" data-settings=\"{&quot;background_background&quot;:&quot;classic&quot;,&quot;background_motion_fx_motion_fx_mouse&quot;:&quot;yes&quot;}\">\n\t\t\t\t\t<div class=\"e-con-inner\">\n\t\t<div class=\"elementor-element elementor-element-bca2192 e-con-full e-flex e-con e-child\" data-id=\"bca2192\" data-element_type=\"container\">\n\t\t<div class=\"elementor-element elementor-element-b700058 e-con-full e-flex elementor-invisible e-con e-child\" data-id=\"b700058\" data-element_type=\"container\" data-settings=\"{&quot;animation&quot;:&quot;fadeInLeft&quot;,&quot;animation_delay&quot;:100}\">\n\t\t\t\t<div class=\"elementor-element elementor-element-7499429 elementor-widget elementor-widget-text-editor\" data-id=\"7499429\" data-element_type=\"widget\" data-widget_type=\"text-editor.default\">\n\t\t\t\t\t\t\t\t\t<p>Desde<a href=\"https:\/\/www.semesp.org.br\/\" target=\"_blank\" rel=\"noopener\"> SEMESP<\/a> y <a href=\"https:\/\/www.mackenzie.br\/\" target=\"_blank\" rel=\"noopener\">Mackenzie<\/a> est\u00e1n organizando todo para que los asistentes a nuestro encuentro anual tengan una experiencia inolvidable. El campus de la universidad est\u00e1 ubicado es una de los barrios m\u00e1s atractivos de la ciudad, muy cerca de la famosa Avenida Paulista y rodeado de una gran oferta cultural y gastron\u00f3mica en una las ciudades con mayor energ\u00eda de Am\u00e9rica Latina.<\/p>\t\t\t\t\t\t\t\t<\/div>\n\t\t\t\t<\/div>\n\t\t\t\t<\/div>\n\t\t<div class=\"elementor-element elementor-element-cc103ad e-con-full e-flex e-con e-child\" data-id=\"cc103ad\" data-element_type=\"container\">\n\t\t\t\t<\/div>\n\t\t\t\t\t<\/div>\n\t\t\t\t<\/div>\n\t\t<div class=\"elementor-element elementor-element-8a55e5c e-flex e-con-boxed e-con e-parent\" data-id=\"8a55e5c\" data-element_type=\"container\">\n\t\t\t\t\t<div class=\"e-con-inner\">\n\t\t<div class=\"elementor-element elementor-element-ffc2679 e-con-full e-flex elementor-invisible e-con e-child\" data-id=\"ffc2679\" data-element_type=\"container\" data-settings=\"{&quot;animation&quot;:&quot;fadeInLeft&quot;}\">\n\t\t\t\t<div class=\"elementor-element elementor-element-6b012d1 elementor-widget elementor-widget-heading\" data-id=\"6b012d1\" data-element_type=\"widget\" data-widget_type=\"heading.default\">\n\t\t\t\t\t<h2 class=\"elementor-heading-title elementor-size-default\">Universidade Presbiteriana<\/h2>\t\t\t\t<\/div>\n\t\t\t\t<div class=\"elementor-element elementor-element-96109b6 elementor-widget elementor-widget-heading\" data-id=\"96109b6\" data-element_type=\"widget\" data-widget_type=\"heading.default\">\n\t\t\t\t\t<h2 class=\"elementor-heading-title elementor-size-default\">Mackenzie<\/h2>\t\t\t\t<\/div>\n\t\t\t\t<div class=\"elementor-element elementor-element-7c8bac6 elementor-widget elementor-widget-heading\" data-id=\"7c8bac6\" data-element_type=\"widget\" data-widget_type=\"heading.default\">\n\t\t\t\t\t<h2 class=\"elementor-heading-title elementor-size-default\">Portaria Itamb\u00e9 \/ Rua Itamb\u00e9 143<\/h2>\t\t\t\t<\/div>\n\t\t\t\t<div class=\"elementor-element elementor-element-3fdbff8 elementor-widget elementor-widget-text-editor\" data-id=\"3fdbff8\" data-element_type=\"widget\" data-widget_type=\"text-editor.default\">\n\t\t\t\t\t\t\t\t\t<p>Los alrededores de la Universidad Presbiteriana Mackenzie ofrecen una amplia variedad de opciones comerciales, incluyendo restaurantes, supermercados, hospitales y farmacias.<\/p><p><strong>Distancias entre aeropuertos:<\/strong><\/p><p>Aeropuerto Internacional de Guarulhos: 28 km<br \/>Aeropuerto de Congonhas: 11 km<\/p>\t\t\t\t\t\t\t\t<\/div>\n\t\t\t\t<\/div>\n\t\t<div class=\"elementor-element elementor-element-bf4bbcd e-con-full e-flex elementor-invisible e-con e-child\" data-id=\"bf4bbcd\" data-element_type=\"container\" data-settings=\"{&quot;animation&quot;:&quot;fadeInRight&quot;}\">\n\t\t\t\t<div class=\"elementor-element elementor-element-1ad76ab elementor-widget elementor-widget-google_maps\" data-id=\"1ad76ab\" data-element_type=\"widget\" data-widget_type=\"google_maps.default\">\n\t\t\t\t\t\t\t<div class=\"elementor-custom-embed\">\n\t\t\t<iframe loading=\"lazy\"\n\t\t\t\t\tsrc=\"https:\/\/maps.google.com\/maps?q=universidade%20presbiteriana%20mackenzie&#038;t=m&#038;z=16&#038;output=embed&#038;iwloc=near\"\n\t\t\t\t\ttitle=\"universidade presbiteriana mackenzie\"\n\t\t\t\t\taria-label=\"universidade presbiteriana mackenzie\"\n\t\t\t><\/iframe>\n\t\t<\/div>\n\t\t\t\t\t\t<\/div>\n\t\t\t\t<\/div>\n\t\t\t\t\t<\/div>\n\t\t\t\t<\/div>\n\t\t<div class=\"elementor-element elementor-element-b2a9c54 e-flex e-con-boxed e-con e-parent\" data-id=\"b2a9c54\" data-element_type=\"container\" data-settings=\"{&quot;background_background&quot;:&quot;classic&quot;}\">\n\t\t\t\t\t<div class=\"e-con-inner\">\n\t\t<div class=\"elementor-element elementor-element-0d6a9c2 e-con-full e-flex e-con e-child\" data-id=\"0d6a9c2\" data-element_type=\"container\" data-settings=\"{&quot;animation&quot;:&quot;none&quot;}\">\n\t\t\t\t<div class=\"elementor-element elementor-element-a94d5f5 elementor-invisible elementor-widget elementor-widget-heading\" data-id=\"a94d5f5\" data-element_type=\"widget\" data-settings=\"{&quot;_animation&quot;:&quot;fadeInLeft&quot;}\" data-widget_type=\"heading.default\">\n\t\t\t\t\t<h2 class=\"elementor-heading-title elementor-size-default\">C\u00f3mo llegar<\/h2>\t\t\t\t<\/div>\n\t\t<div class=\"elementor-element elementor-element-c90bde3 e-con-full e-flex e-con e-child\" data-id=\"c90bde3\" data-element_type=\"container\">\n\t\t<div class=\"elementor-element elementor-element-f5b9143 e-con-full e-flex elementor-invisible e-con e-child\" data-id=\"f5b9143\" data-element_type=\"container\" data-settings=\"{&quot;background_background&quot;:&quot;classic&quot;,&quot;animation&quot;:&quot;fadeInRight&quot;}\">\n\t\t\t\t<div class=\"elementor-element elementor-element-3e001b7 elementor-widget elementor-widget-heading\" data-id=\"3e001b7\" data-element_type=\"widget\" data-widget_type=\"heading.default\">\n\t\t\t\t\t<h2 class=\"elementor-heading-title elementor-size-default\">Metro<\/h2>\t\t\t\t<\/div>\n\t\t\t\t<div class=\"elementor-element elementor-element-8dcc8b1 elementor-widget elementor-widget-text-editor\" data-id=\"8dcc8b1\" data-element_type=\"widget\" data-widget_type=\"text-editor.default\">\n\t\t\t\t\t\t\t\t\t<p><strong>Estaci\u00f3n Higien\u00f3polis-Mackenzie<\/strong> (L\u00ednea 4 &#8211; Amarilla). Es la estaci\u00f3n m\u00e1s cercana al campus, ubicada a pocos minutos a pie (350 metros).<\/p>\t\t\t\t\t\t\t\t<\/div>\n\t\t\t\t<\/div>\n\t\t<div class=\"elementor-element elementor-element-b5ef8e5 e-con-full e-flex elementor-invisible e-con e-child\" data-id=\"b5ef8e5\" data-element_type=\"container\" data-settings=\"{&quot;background_background&quot;:&quot;classic&quot;,&quot;animation&quot;:&quot;fadeInRight&quot;,&quot;animation_delay&quot;:100}\">\n\t\t\t\t<div class=\"elementor-element elementor-element-a0ca8ad elementor-widget elementor-widget-heading\" data-id=\"a0ca8ad\" data-element_type=\"widget\" data-widget_type=\"heading.default\">\n\t\t\t\t\t<h2 class=\"elementor-heading-title elementor-size-default\">En coche<\/h2>\t\t\t\t<\/div>\n\t\t\t\t<div class=\"elementor-element elementor-element-b2639f5 elementor-widget elementor-widget-text-editor\" data-id=\"b2639f5\" data-element_type=\"widget\" data-widget_type=\"text-editor.default\">\n\t\t\t\t\t\t\t\t\t<p>La Universidad est\u00e1 ubicada en la regi\u00f3n central, con acceso principal por la Rua da Consola\u00e7\u00e3o. Los estacionamientos principales est\u00e1n en la calle Consola\u00e7\u00e3o y en la calle Maria Ant\u00f4nia. Sin embargo, debido al per\u00edodo escolar, se recomienda llegar temprano para garantizar un lugar.<\/p>\t\t\t\t\t\t\t\t<\/div>\n\t\t\t\t<\/div>\n\t\t<div class=\"elementor-element elementor-element-d518d8d e-con-full e-flex elementor-invisible e-con e-child\" data-id=\"d518d8d\" data-element_type=\"container\" data-settings=\"{&quot;background_background&quot;:&quot;classic&quot;,&quot;animation&quot;:&quot;fadeInRight&quot;,&quot;animation_delay&quot;:200}\">\n\t\t\t\t<div class=\"elementor-element elementor-element-126071d elementor-widget elementor-widget-heading\" data-id=\"126071d\" data-element_type=\"widget\" data-widget_type=\"heading.default\">\n\t\t\t\t\t<h2 class=\"elementor-heading-title elementor-size-default\">Taxi y aplicativos de transporte<\/h2>\t\t\t\t<\/div>\n\t\t\t\t<div class=\"elementor-element elementor-element-affdf64 elementor-widget elementor-widget-text-editor\" data-id=\"affdf64\" data-element_type=\"widget\" data-widget_type=\"text-editor.default\">\n\t\t\t\t\t\t\t\t\t<p>La regi\u00f3n est\u00e1 bien comunicada por taxis y servicios de transporte compartido. Puedes solicitar transporte directamente a trav\u00e9s de aplicaciones o tomar un taxi en la parada ubicada en la <a href=\"https:\/\/maps.app.goo.gl\/suj2Nc4ZbeWHQomx7\" target=\"_blank\" rel=\"noopener\">Rua Itamb\u00e9<\/a> (Rua Itamb\u00e9, 143).<\/p>\t\t\t\t\t\t\t\t<\/div>\n\t\t\t\t<\/div>\n\t\t\t\t<\/div>\n\t\t\t\t<\/div>\n\t\t\t\t\t<\/div>\n\t\t\t\t<\/div>\n\t\t<div class=\"elementor-element elementor-element-aabd5d1 e-flex e-con-boxed e-con e-parent\" data-id=\"aabd5d1\" data-element_type=\"container\" data-settings=\"{&quot;background_background&quot;:&quot;classic&quot;}\">\n\t\t\t\t\t<div class=\"e-con-inner\">\n\t\t\t\t<div class=\"elementor-element elementor-element-db06acb elementor-widget elementor-widget-heading\" data-id=\"db06acb\" data-element_type=\"widget\" data-widget_type=\"heading.default\">\n\t\t\t\t\t<h2 class=\"elementor-heading-title elementor-size-default\">El campus<\/h2>\t\t\t\t<\/div>\n\t\t<div class=\"elementor-element elementor-element-e1ed42d e-con-full e-flex e-con e-child\" data-id=\"e1ed42d\" data-element_type=\"container\">\n\t\t\t\t<div class=\"elementor-element elementor-element-f2601da elementor-widget__width-inherit elementor-widget elementor-widget-image\" data-id=\"f2601da\" data-element_type=\"widget\" data-widget_type=\"image.default\">\n\t\t\t\t\t\t\t\t\t\t\t\t\t\t\t<img decoding=\"async\" width=\"1980\" height=\"1273\" src=\"https:\/\/realcup.org\/saopaulo2025\/wp-content\/uploads\/2025\/04\/mapa_campus_higienopolis.jpg\" class=\"attachment-full size-full wp-image-4165\" alt=\"\" srcset=\"https:\/\/realcup.org\/saopaulo2025\/wp-content\/uploads\/2025\/04\/mapa_campus_higienopolis.jpg 1980w, https:\/\/realcup.org\/saopaulo2025\/wp-content\/uploads\/2025\/04\/mapa_campus_higienopolis-300x193.jpg 300w, https:\/\/realcup.org\/saopaulo2025\/wp-content\/uploads\/2025\/04\/mapa_campus_higienopolis-1024x658.jpg 1024w, https:\/\/realcup.org\/saopaulo2025\/wp-content\/uploads\/2025\/04\/mapa_campus_higienopolis-768x494.jpg 768w, https:\/\/realcup.org\/saopaulo2025\/wp-content\/uploads\/2025\/04\/mapa_campus_higienopolis-1536x988.jpg 1536w\" sizes=\"(max-width: 1980px) 100vw, 1980px\" \/>\t\t\t\t\t\t\t\t\t\t\t\t\t\t\t<\/div>\n\t\t\t\t<\/div>\n\t\t\t\t\t<\/div>\n\t\t\t\t<\/div>\n\t\t<div class=\"elementor-element elementor-element-854dd84 e-flex e-con-boxed e-con e-parent\" data-id=\"854dd84\" data-element_type=\"container\" data-settings=\"{&quot;background_background&quot;:&quot;classic&quot;}\">\n\t\t\t\t\t<div class=\"e-con-inner\">\n\t\t<div class=\"elementor-element elementor-element-75d5fd1 e-con-full e-flex e-con e-child\" data-id=\"75d5fd1\" data-element_type=\"container\" data-settings=\"{&quot;animation&quot;:&quot;none&quot;}\">\n\t\t\t\t<div class=\"elementor-element elementor-element-4913d69 elementor-invisible elementor-widget elementor-widget-heading\" data-id=\"4913d69\" data-element_type=\"widget\" data-settings=\"{&quot;_animation&quot;:&quot;fadeInLeft&quot;}\" data-widget_type=\"heading.default\">\n\t\t\t\t\t<h2 class=\"elementor-heading-title elementor-size-default\">Hoteles<\/h2>\t\t\t\t<\/div>\n\t\t\t\t<div class=\"elementor-element elementor-element-e84f978 elementor-invisible elementor-widget elementor-widget-text-editor\" data-id=\"e84f978\" data-element_type=\"widget\" data-settings=\"{&quot;_animation&quot;:&quot;fadeInLeft&quot;}\" data-widget_type=\"text-editor.default\">\n\t\t\t\t\t\t\t\t\t<p>La ciudad de S\u00e3o Paulo presenta una alta tasa de ocupaci\u00f3n hotelera durante este per\u00edodo, debido a su proximidad al Gran Premio de F\u00f3rmula 1, uno de los eventos m\u00e1s importantes del calendario anual de la regi\u00f3n. <span style=\"text-decoration: underline;\"><strong>Recomendamos a los participantes que realicen sus reservas con la mayor antelaci\u00f3n posible<\/strong><\/span>.<\/p>\t\t\t\t\t\t\t\t<\/div>\n\t\t<div class=\"elementor-element elementor-element-598882d e-con-full e-flex e-con e-child\" data-id=\"598882d\" data-element_type=\"container\">\n\t\t<div class=\"elementor-element elementor-element-d6a26a3 e-con-full e-flex elementor-invisible e-con e-child\" data-id=\"d6a26a3\" data-element_type=\"container\" data-settings=\"{&quot;background_background&quot;:&quot;classic&quot;,&quot;animation&quot;:&quot;fadeInRight&quot;}\">\n\t\t\t\t<div class=\"elementor-element elementor-element-0d39157 elementor-widget elementor-widget-heading\" data-id=\"0d39157\" data-element_type=\"widget\" data-widget_type=\"heading.default\">\n\t\t\t\t\t<h2 class=\"elementor-heading-title elementor-size-default\">S\u00e3o Paulo Higien\u00f3polis Affiliated by Meil\u00e1<\/h2>\t\t\t\t<\/div>\n\t\t\t\t<div class=\"elementor-element elementor-element-6a8a025 elementor-widget elementor-widget-text-editor\" data-id=\"6a8a025\" data-element_type=\"widget\" data-widget_type=\"text-editor.default\">\n\t\t\t\t\t\t\t\t\t<p><a href=\"https:\/\/www.google.com\/maps\/search\/R.+Maranh%C3%A3o,+371+-+Higien%C3%B3polis,+S%C3%A3o+Paulo+-+SP,+01240-001?entry=gmail&amp;source=g\" target=\"_blank\" rel=\"noopener\"> Maranh\u00e3o, 371 &#8211; Higien\u00f3polis, S\u00e3o Paulo &#8211; SP, 01240-001<\/a><\/p><p style=\"font-weight: 400;\">Tel\u00e9fono: <a href=\"https:\/\/www.google.com\/search?q=%0D%0AS%C3%A3o+Paulo+Higien%C3%B3polis+Affiliated+by+Meli%C3%A1%0D%0A&amp;sca_esv=21eb3a306295d031&amp;sxsrf=AHTn8zrtWWj55P-ca2H-6CVmCzJFi_R3iA%3A1744607339412&amp;ei=a5j8Z4L5GIzd1sQP0fiGgQE&amp;hotel_occupancy=&amp;ved=0ahUKEwjC2vPl4NaMAxWMrpUCHVG8IRAQ4dUDCBA&amp;uact=5&amp;oq=%0D%0AS%C3%A3o+Paulo+Higien%C3%B3polis+Affiliated+by+Meli%C3%A1%0D%0A&amp;gs_lp=Egxnd3Mtd2l6LXNlcnAiLwpTw6NvIFBhdWxvIEhpZ2llbsOzcG9saXMgQWZmaWxpYXRlZCBieSBNZWxpw6EKSABQAFgAcAB4AZABAJgBAKABAKoBALgBA8gBAPgBAvgBAZgCAKACAJgDAJIHAKAHALIHALgHAA&amp;sclient=gws-wiz-serp\" target=\"_blank\" rel=\"noopener\">(11) 3665-8200<\/a><\/p><p style=\"font-weight: 400;\"><a href=\"https:\/\/www.melia.com\/pt\/hoteis\/brasil\/sao-paulo\/hotel-sao-paulo-higienopolis-by-melia?utm_campaign=google&amp;utm_content=6752&amp;utm_medium=organic&amp;utm_source=directories\" target=\"_blank\" rel=\"noopener\">www.melia.com<\/a><\/p><p style=\"font-weight: 400;\">C\u00f3digo de descuento: <strong>LATAMBR10<\/strong><\/p>\t\t\t\t\t\t\t\t<\/div>\n\t\t\t\t<div class=\"elementor-element elementor-element-2a15cbb elementor-widget elementor-widget-image\" data-id=\"2a15cbb\" data-element_type=\"widget\" data-widget_type=\"image.default\">\n\t\t\t\t\t\t\t\t\t\t\t\t\t\t\t<img decoding=\"async\" width=\"600\" height=\"338\" src=\"https:\/\/realcup.org\/saopaulo2025\/wp-content\/uploads\/2025\/04\/Sao-Paulo-Higienopolis-Affiliated-Melia-Exterior.jpg\" class=\"attachment-large size-large wp-image-4431\" alt=\"\" srcset=\"https:\/\/realcup.org\/saopaulo2025\/wp-content\/uploads\/2025\/04\/Sao-Paulo-Higienopolis-Affiliated-Melia-Exterior.jpg 600w, https:\/\/realcup.org\/saopaulo2025\/wp-content\/uploads\/2025\/04\/Sao-Paulo-Higienopolis-Affiliated-Melia-Exterior-300x169.jpg 300w\" sizes=\"(max-width: 600px) 100vw, 600px\" \/>\t\t\t\t\t\t\t\t\t\t\t\t\t\t\t<\/div>\n\t\t\t\t<\/div>\n\t\t<div class=\"elementor-element elementor-element-3f9546b e-con-full e-flex elementor-invisible e-con e-child\" data-id=\"3f9546b\" data-element_type=\"container\" data-settings=\"{&quot;background_background&quot;:&quot;classic&quot;,&quot;animation&quot;:&quot;fadeInRight&quot;,&quot;animation_delay&quot;:100}\">\n\t\t\t\t<div class=\"elementor-element elementor-element-5ec56c0 elementor-widget elementor-widget-heading\" data-id=\"5ec56c0\" data-element_type=\"widget\" data-widget_type=\"heading.default\">\n\t\t\t\t\t<h2 class=\"elementor-heading-title elementor-size-default\">Hotel Meli\u00e1 <br>Paulista\n <\/h2>\t\t\t\t<\/div>\n\t\t\t\t<div class=\"elementor-element elementor-element-bdeb01b elementor-widget elementor-widget-text-editor\" data-id=\"bdeb01b\" data-element_type=\"widget\" data-widget_type=\"text-editor.default\">\n\t\t\t\t\t\t\t\t\t<p style=\"font-weight: 400;\"><a href=\"https:\/\/www.google.com\/maps\/search\/Av.+Paulista,+2181+-+Consola%C3%A7%C3%A3o,+S%C3%A3o+Paulo+-+SP,+01311-300?entry=gmail&amp;source=g\" target=\"_blank\" rel=\"noopener\">Av. Paulista, 2181 &#8211; Consola\u00e7\u00e3o, S\u00e3o Paulo &#8211; SP, 01311-300<\/a><\/p><p style=\"font-weight: 400;\">Tel\u00e9fono: <a href=\"https:\/\/www.google.com\/search?q=Melia+Paulista&amp;oq=melia+pau&amp;gs_lcrp=EgZjaHJvbWUqDggAEEUYJxg7GIAEGIoFMg4IABBFGCcYOxiABBiKBTIbCAEQLhgUGK8BGMcBGIcCGIAEGJgFGJkFGJ4FMgYIAhBFGDkyBggDECMYJzIHCAQQABiABDIGCAUQRRg8MgYIBhBFGDwyBggHEEUYPNIBCDEwNzBqMGo0qAIAsAIA&amp;sourceid=chrome&amp;ie=UTF-8\" target=\"_blank\" rel=\"noopener\">(11) 2184-1600<\/a><\/p><p style=\"font-weight: 400;\"><a href=\"https:\/\/www.melia.com\/pt\/hoteis\/brasil\/sao-paulo\/melia-paulista?utm_campaign=google&amp;utm_content=6773&amp;utm_medium=organic&amp;utm_source=directories\" target=\"_blank\" rel=\"noopener\">www.melia.com<\/a>\u00a0 \u00a0 \u00a0 \u00a0\u00a0<\/p><p style=\"font-weight: 400;\">C\u00f3digo de descuento: <strong>LATAMBR10<\/strong><\/p>\t\t\t\t\t\t\t\t<\/div>\n\t\t\t\t<div class=\"elementor-element elementor-element-c92baa2 elementor-widget elementor-widget-image\" data-id=\"c92baa2\" data-element_type=\"widget\" data-widget_type=\"image.default\">\n\t\t\t\t\t\t\t\t\t\t\t\t\t\t\t<img loading=\"lazy\" decoding=\"async\" width=\"600\" height=\"338\" src=\"https:\/\/realcup.org\/saopaulo2025\/wp-content\/uploads\/2025\/04\/Melia-Paulista.jpg\" class=\"attachment-large size-large wp-image-4427\" alt=\"\" srcset=\"https:\/\/realcup.org\/saopaulo2025\/wp-content\/uploads\/2025\/04\/Melia-Paulista.jpg 600w, https:\/\/realcup.org\/saopaulo2025\/wp-content\/uploads\/2025\/04\/Melia-Paulista-300x169.jpg 300w\" sizes=\"(max-width: 600px) 100vw, 600px\" \/>\t\t\t\t\t\t\t\t\t\t\t\t\t\t\t<\/div>\n\t\t\t\t<\/div>\n\t\t<div class=\"elementor-element elementor-element-5dfa9b5 e-con-full e-flex elementor-invisible e-con e-child\" data-id=\"5dfa9b5\" data-element_type=\"container\" data-settings=\"{&quot;background_background&quot;:&quot;classic&quot;,&quot;animation&quot;:&quot;fadeInRight&quot;,&quot;animation_delay&quot;:200}\">\n\t\t\t\t<div class=\"elementor-element elementor-element-7c4c94c elementor-widget elementor-widget-heading\" data-id=\"7c4c94c\" data-element_type=\"widget\" data-widget_type=\"heading.default\">\n\t\t\t\t\t<h2 class=\"elementor-heading-title elementor-size-default\">Monreale Lifestyle Higien\u00f3polis S\u00e3o Paulo<\/h2>\t\t\t\t<\/div>\n\t\t\t\t<div class=\"elementor-element elementor-element-133b6b3 elementor-widget elementor-widget-text-editor\" data-id=\"133b6b3\" data-element_type=\"widget\" data-widget_type=\"text-editor.default\">\n\t\t\t\t\t\t\t\t\t<p style=\"font-weight: 400;\"><a href=\"https:\/\/www.google.com\/maps\/search\/Rua+Dona+Veridiana,+643+-+Higien%C3%B3polis,+S%C3%A3o+Paulo+-+SP,+01238-010?entry=gmail&amp;source=g\" target=\"_blank\" rel=\"noopener\">Rua Dona Veridiana, 643 &#8211; Higien\u00f3polis, S\u00e3o Paulo &#8211; SP, 01238-010<\/a><\/p><p style=\"font-weight: 400;\">Tel\u00e9fono: <a href=\"https:\/\/www.google.com\/search?q=monreale+higienopolis&amp;sca_esv=21eb3a306295d031&amp;sxsrf=AHTn8zqkaqGY4wvtU-wTYoQURWmV_B7uBg%3A1744606985803&amp;ei=CZf8Z_rfMIHd1sQPjbfWwAQ&amp;hotel_occupancy=&amp;gs_ssp=eJzj4tZP1zcsSUszMckyM2C0UjWosDRJTjW1MDZPM0gxNTBLNLUyqEi0NEtJMkkySjNLMjcyMTT2Es3NzytKTcxJVcjITM9MzcsvyM_JLAYAHbUW3g&amp;oq=monreale+&amp;gs_lp=Egxnd3Mtd2l6LXNlcnAiCW1vbnJlYWxlICoCCAAyExAuGIAEGMcBGCcYigUYjgUYrwEyFxAuGIAEGLEDGMcBGJgFGJoFGJ4FGK8BMhwQLhiABBhDGMcBGJgFGJkFGIoFGJ4FGI4FGK8BMgoQABiABBgUGIcCMhcQLhiABBjHARiYBRiZBRieBRiOBRivATIREC4YgAQYxwEYmAUYmQUYrwEyGRAuGIAEGEMYxwEYmAUYmQUYigUYngUYrwEyFBAuGIAEGMcBGJgFGJkFGJ4FGK8BMhQQLhiABBjHARiYBRiZBRieBRivATIUEC4YgAQYxwEYmAUYmQUYngUYrwEyIBAuGIAEGMcBGIoFGI4FGK8BGJcFGNwEGN4EGOAE2AEBSMgRUABYvAdwAHgBkAEAmAGkAaABswqqAQMwLjm4AQPIAQD4AQGYAgqgAosUwgIKECMYgAQYJxiKBcICBBAjGCfCAhAQLhiABBjRAxhDGMcBGIoFwgIKEAAYgAQYQxiKBcICDBAAGIAEGEMYigUYCsICChAuGIAEGEMYigXCAhEQLhiABBjHARiYBRiOBRivAcICBRAAGIAEwgIQEC4YgAQYQxjHARiKBRivAcICCBAAGIAEGOcEwgIOEC4YgAQYxwEYjgUYrwHCAggQABiABBixA5gDALoGBggBEAEYFJIHBzAuOS43LTGgB8z_AbIHBzAuOS43LTG4B4sU&amp;sclient=gws-wiz-serp\" target=\"_blank\" rel=\"noopener\">(11) 3257-5288<\/a><\/p><p style=\"font-weight: 400;\"><a href=\"https:\/\/www.monrealehotels.com\/lifestyle-higienopolis\" target=\"_blank\" rel=\"noopener\">www.monrealehotels.com<\/a><\/p><p style=\"font-weight: 400;\">C\u00f3digo de descuento:<strong>\u00a0REALCUP<\/strong><\/p>\t\t\t\t\t\t\t\t<\/div>\n\t\t\t\t<div class=\"elementor-element elementor-element-55fec5b elementor-widget elementor-widget-image\" data-id=\"55fec5b\" data-element_type=\"widget\" data-widget_type=\"image.default\">\n\t\t\t\t\t\t\t\t\t\t\t\t\t\t\t<img loading=\"lazy\" decoding=\"async\" width=\"600\" height=\"338\" src=\"https:\/\/realcup.org\/saopaulo2025\/wp-content\/uploads\/2025\/04\/Monreale.jpg\" class=\"attachment-large size-large wp-image-4429\" alt=\"\" srcset=\"https:\/\/realcup.org\/saopaulo2025\/wp-content\/uploads\/2025\/04\/Monreale.jpg 600w, https:\/\/realcup.org\/saopaulo2025\/wp-content\/uploads\/2025\/04\/Monreale-300x169.jpg 300w\" sizes=\"(max-width: 600px) 100vw, 600px\" \/>\t\t\t\t\t\t\t\t\t\t\t\t\t\t\t<\/div>\n\t\t\t\t<\/div>\n\t\t\t\t<\/div>\n\t\t\t\t<\/div>\n\t\t\t\t\t<\/div>\n\t\t\t\t<\/div>\n\t\t\t\t<\/div>\n\t\t","protected":false},"excerpt":{"rendered":"<p>Informaci\u00f3n para su visita a S\u00e3o Paulo Desde SEMESP y Mackenzie est\u00e1n organizando todo para que los asistentes a nuestro encuentro anual tengan una experiencia inolvidable. El campus de la universidad est\u00e1 ubicado es una de los barrios m\u00e1s atractivos de la ciudad, muy cerca de la famosa Avenida Paulista y rodeado de una gran [&hellip;]<\/p>\n","protected":false},"author":2,"featured_media":0,"parent":0,"menu_order":0,"comment_status":"closed","ping_status":"closed","template":"elementor_header_footer","meta":{"footnotes":""},"class_list":["post-3770","page","type-page","status-publish","hentry"],"_links":{"self":[{"href":"https:\/\/realcup.org\/saopaulo2025\/wp-json\/wp\/v2\/pages\/3770","targetHints":{"allow":["GET"]}}],"collection":[{"href":"https:\/\/realcup.org\/saopaulo2025\/wp-json\/wp\/v2\/pages"}],"about":[{"href":"https:\/\/realcup.org\/saopaulo2025\/wp-json\/wp\/v2\/types\/page"}],"author":[{"embeddable":true,"href":"https:\/\/realcup.org\/saopaulo2025\/wp-json\/wp\/v2\/users\/2"}],"replies":[{"embeddable":true,"href":"https:\/\/realcup.org\/saopaulo2025\/wp-json\/wp\/v2\/comments?post=3770"}],"version-history":[{"count":1,"href":"https:\/\/realcup.org\/saopaulo2025\/wp-json\/wp\/v2\/pages\/3770\/revisions"}],"predecessor-version":[{"id":7095,"href":"https:\/\/realcup.org\/saopaulo2025\/wp-json\/wp\/v2\/pages\/3770\/revisions\/7095"}],"wp:attachment":[{"href":"https:\/\/realcup.org\/saopaulo2025\/wp-json\/wp\/v2\/media?parent=3770"}],"curies":[{"name":"wp","href":"https:\/\/api.w.org\/{rel}","templated":true}]}}